{"id":642,"date":"2026-03-21T10:48:21","date_gmt":"2026-03-21T10:48:21","guid":{"rendered":"https:\/\/familie-von-mirbach.de\/?page_id=642"},"modified":"2026-03-21T10:48:22","modified_gmt":"2026-03-21T10:48:22","slug":"familienverband-2","status":"publish","type":"page","link":"https:\/\/familie-von-mirbach.de\/?page_id=642","title":{"rendered":"Familienverband"},"content":{"rendered":"\n<p>1887 konstituierte sich ein Familienverband, der 1972 als <em>Verband der Familie v. Mirbach e. V.<\/em> neugegr\u00fcndet wurde. Im dreij\u00e4hrigen Rhythmus findet ein Familientag statt. Der Familienverband gibt ein Mitteilungsblatt heraus, sowie in unregelm\u00e4\u00dfigen Abst\u00e4nden Monographien mit familienbezogenem Inhalt.<\/p>\n","protected":false},"excerpt":{"rendered":"<p>1887 konstituierte sich ein Familienverband, der 1972 als Verband der Familie v. Mirbach e. V. neugegr\u00fcndet wurde. Im dreij\u00e4hrigen Rhythmus findet ein Familientag statt. Der Familienverband gibt ein Mitteilungsblatt heraus, sowie in unregelm\u00e4\u00dfigen Abst\u00e4nden&#46;&#46;&#46;<\/p>\n","protected":false},"author":1,"featured_media":0,"parent":0,"menu_order":0,"comment_status":"closed","ping_status":"closed","template":"","meta":{"footnotes":""},"class_list":["post-642","page","type-page","status-publish","hentry"],"_links":{"self":[{"href":"https:\/\/familie-von-mirbach.de\/index.php?rest_route=\/wp\/v2\/pages\/642","targetHints":{"allow":["GET"]}}],"collection":[{"href":"https:\/\/familie-von-mirbach.de\/index.php?rest_route=\/wp\/v2\/pages"}],"about":[{"href":"https:\/\/familie-von-mirbach.de\/index.php?rest_route=\/wp\/v2\/types\/page"}],"author":[{"embeddable":true,"href":"https:\/\/familie-von-mirbach.de\/index.php?rest_route=\/wp\/v2\/users\/1"}],"replies":[{"embeddable":true,"href":"https:\/\/familie-von-mirbach.de\/index.php?rest_route=%2Fwp%2Fv2%2Fcomments&post=642"}],"version-history":[{"count":1,"href":"https:\/\/familie-von-mirbach.de\/index.php?rest_route=\/wp\/v2\/pages\/642\/revisions"}],"predecessor-version":[{"id":643,"href":"https:\/\/familie-von-mirbach.de\/index.php?rest_route=\/wp\/v2\/pages\/642\/revisions\/643"}],"wp:attachment":[{"href":"https:\/\/familie-von-mirbach.de\/index.php?rest_route=%2Fwp%2Fv2%2Fmedia&parent=642"}],"curies":[{"name":"wp","href":"https:\/\/api.w.org\/{rel}","templated":true}]}}