{"id":93,"date":"2019-04-22T20:08:39","date_gmt":"2019-04-22T20:08:39","guid":{"rendered":"http:\/\/familie-von-mirbach.de\/?page_id=93"},"modified":"2019-04-22T20:47:57","modified_gmt":"2019-04-22T20:47:57","slug":"literatur","status":"publish","type":"page","link":"https:\/\/familie-von-mirbach.de\/?page_id=93","title":{"rendered":"Literatur"},"content":{"rendered":"\n<p>         Efron, U.A.<br>         Encyklop\u00e4disches Lexikon<br>         St. Petersburg 1896<br>         <br>         v. Frank, Karl Friedr.<br>         Standeserhebungen u. Gnadenakte f. das Dtsch Reich u. die \u00d6esterr. Erblande<br>         Senftenegg 1972<br>         <br>         G\u00e9n\u00e9alogie de la branche li\u00e9geoise de la famille de Mirbach<br>         Br\u00fcssel 1884<br>         <br>         de Gmeline, Patrick<br>         Dictionaire de la Noblesse Russe<br>         Paris 1978 <br>         <br>         Gondorf, Bernhard<br>         Die Genossenschaft des Rheinischen Ritterb\u00fcrtigen Adels<br>         o.O. 1987<br>         <br>         Kneschke, Ernst Heinrich<br>         Neues allg. dtsch. Adelslexikon<br>         Leipzig 1859 &#8211; 1870<br>         <br>         Korth, L.<br>         Das gr\u00e4flich.v. Mirbachsche Archiv zu Harff<br>         K\u00f6ln 1892<br>         <br>         Kral v. Dobra, Voda<br>         Der Adel B\u00f6hmens, M\u00e4hrens, Schlesiens<br>         Prag 1904<br>         <br>         Frhr. v. Ledebur, Leopold<br>         Adelslexikon d. preuss. Monarchie<br>         Berlin 1855 -1859 <br>         <br>         Neue Deutsche Biographie<br>         Berlin 1993<br>         <br>         v.&nbsp;Oidtman, Ernst<br>         Rhein. Ahnentafeln in: Mitt. d. Westdt. Ges. f. FamKunde<br>         1913<br>         <br>         Orgelbrana, S.<br>         Encyclopedja Powszeckna<br>         Warszawa 1901<br>         <br>         Robens, Arnold<br>         Der Ritterb\u00fcrtige Landst\u00e4ndige Adel d. Gro\u00dfherzogthums Niederrhein<br>         Aachen 1818<br>         <br>         Schannat\/ B\u00e4rtsch, Joh. Friedr.<br>         Eiflia illustrata<br>         1824 <br>         <br>         v.&nbsp;Schroeders, Dr. Precy<br>         Beitr\u00e4ge zur G\u00fctergeschichte Kurlands<br>         1983<br>         Nachrichten \u00fcber Kurl\u00e4nder in Litauen<br>         1984 <\/p>\n\n\n\n<p>         Erblande<br>         Senftenegg 1972<br>         <br>         G\u00e9n\u00e9alogie de la branche li\u00e9geoise de la famille de Mirbach<br>         Br\u00fcssel 1884<br>         <br>         de Gmeline, Patrick<br>         Dictionaire de la Noblesse Russe<br>         Paris 1978 <br>         <br>         Gondorf, Bernhard<br>         Die Genossenschaft des Rheinischen Ritterb\u00fcrtigen Adels<br>         o.O. 1987<br>         <br>         Kneschke, Ernst Heinrich<br>         Neues allg.dtsch.Adelslexikon<br>         Leipzig 1859 &#8211; 1870<br>         <br>         Korth, L.<br>         Das gr\u00e4flich.v. Mirbachsche Archiv zu Harff<br>         K\u00f6ln 1892<br>         <br>         Kral v. Dobra, Voda<br>         Der Adel B\u00f6hmens, M\u00e4hrens, Schlesiens<br>         Prag 1904<br>         <br>         Frhr. v. Ledebur, Leopold<br>         Adelslexikon d. preuss. Monarchie<br>         Berlin 1855 -1859 <br>         <br>         Neue Deutsche Biographie<br>         Berlin 1993<br>         <br>         v.&nbsp;Oidtman, Ernst<br>         Rhein. Ahnentafeln in: Mitt. d. Westdt. Ges. f. FamKunde<br>         1913<br>         <br>         Orgelbrana, S.<br>         Encyclopedja Powszeckna<br>         Warszawa 1901<br>         <br>         Robens, Arnold<br>         Der Ritterb\u00fcrtige Landst\u00e4ndige Adel d.Gro\u00dfherzogthums          Niederrhein<br>         Aachen 1818<br>         <br>         Schannat\/ B\u00e4rtsch, Joh. Friedr.<br>         Eiflia illustrata<br>         1824 <br>         <br>         v.&nbsp;Schroeders, Dr. Precy<br>         Beitr\u00e4ge zur G\u00fctergeschichte Kurlands<br>         1983<br>         Nachrichten \u00fcber Kurl\u00e4nder in Litauen<br>         1984 <\/p>\n\n\n\n<p>         Strange, Joseph<br>         Beitr\u00e4ge z. Genealogie d. adl. Geschlechter<br>         K\u00f6ln 1864<\/p>\n\n\n\n<p>         Verband der Familie v. Mirbach e.V.<br>         Die vier ehem. Mirbachschen Majorate in Kurland<br>         1987<br>         Ein Schlo\u00df in B\u00f6hmen<br>         1998<br>         Ein Schlo\u00df in Masuren<br>         1999 <br>         <br>         Zedler, Joh. Heinrich<br>         Gro\u00dfes vollst\u00e4ndiges Universal Lexikon<br>         Leipzig 1739<br>         <br>         Frh. v. Zedlitz-Neukirch, L.<br>         Neues preuss. Adels-Lexicon<br>         Leipzig 1837<br>         <br>         v. Zernicki- Szeliga, Emilian<br>         Der polnische Adel<br>         Hamburg 1900<br>         <br>         Ohm, Anneliese<br>         Die Denkm\u00e4ler des Rheinlandes Kr. Bergheim<br>         D\u00fcsseldorf 1971<\/p>\n\n\n\n<h2 class=\"wp-block-heading\">Wappendarstellungen<\/h2>\n\n\n\n<p>         Bernd<br>         Wappenbuch d. preuss. Rheinprovinz<br>         1835<br><br>         v. Glasenapp, Patrick<br>         Balt. Wappenbuch<br>         Alling 1980<br><br>         v. Klingspor, Carl Arvid<br>         Baltisches Wappenbuch<br>         Stockholm 1882 <br><br>         Neimbts, Johann Eberhard<br>         Wapenbuch des Curl\u00e4ndischen Adels<br>         Mitau 1793 <br><br>         Ostrowski, Juliusz<br>         Ksiega Herbowa Rodow Polskich<br>         Warzawa 1897 &#8211; 1906<br><br>         Schabert, David<br>         Vollst. Wapenbuch d.Kurlaendischen Adels<br>         Mitau 1843<br><br>         Siebmacher, J.<br>         N\u00fcrnberg 1605 folg.<br>         Boehmischer Adel<br>         M\u00e4hrischer Adel<br>         Reinlendtische<br>         Der Adel der russischen Ostseeprovinzen<br>         Preussischer Adel Edelleute <br>         Preussischer Adel Freiherrn<br>         Preussischer Adel Grafen<br><br>         M\u00fcnchner Kalender 1911<br>         M\u00fcnchen 1911<br><br>         Steimel, Robert<br>         Rheinisches Wappen-Lexikon<br>         K\u00f6ln 1951<br><br>         Fahne<br>         K\u00f6ln. J\u00fclich u. Bergsche Geschlechter<br>         1848<br><br>         Rietstap, J.B.<br>         G\u00e9n\u00e9ral illustrated Armorial<br>         1883<br><br>         Weigel, T.O.<br>         Deutsche Grafenh\u00e4user der Gegenwart<br>         Leipzig 1853 <br><br>         (Anton Sch\u00e4ffer)<br>         Sedisvakanzmedaille<br>         Speyer 1770  <\/p>\n\n\n\n<h2 class=\"wp-block-heading\">Dorf Mirbach und Erl\u00f6serkapelle<\/h2>\n\n\n\n<p>        Ernst Frhr. v. Mirbach        <br>        Die Erl\u00f6ser-Kapelle zu Mirbach in der Eifel<br>        Die Burg Mirbach,  Berlin 1903              <\/p>\n\n\n\n<p style=\"text-align:left\">        Wagner, Herbert,Mirbach in der Eifel, Rheinische Kunstst\u00e4tten Heft 246, K\u00f6ln  1980<\/p>\n\n\n\n<p>        Mirbach in der Eifel, Hillesheim 1979<\/p>\n\n\n\n<table class=\"wp-block-table\"><tbody><tr><td>        Zens, Werner   Geschichte des Dorfes Mirbach, Wiesbaum 1974<\/td><\/tr><\/tbody><\/table>\n\n\n\n<table class=\"wp-block-table\"><tbody><tr><td>        Schun, Lothar   Unser Dorf und seine Geschichte, Hillesheim 1983<\/td><\/tr><\/tbody><\/table>\n\n\n\n<p>                                                                                                                                                                                                                                                                                                                                                                                                                                               <\/p>\n","protected":false},"excerpt":{"rendered":"<p>Efron, U.A. Encyklop\u00e4disches Lexikon St. Petersburg 1896 v. Frank, Karl Friedr. Standeserhebungen u. Gnadenakte f. das Dtsch Reich u. die \u00d6esterr. Erblande Senftenegg 1972 G\u00e9n\u00e9alogie de la branche li\u00e9geoise de la famille de Mirbach&#46;&#46;&#46;<\/p>\n","protected":false},"author":1,"featured_media":0,"parent":0,"menu_order":0,"comment_status":"closed","ping_status":"closed","template":"","meta":{"footnotes":""},"class_list":["post-93","page","type-page","status-publish","hentry"],"_links":{"self":[{"href":"https:\/\/familie-von-mirbach.de\/index.php?rest_route=\/wp\/v2\/pages\/93","targetHints":{"allow":["GET"]}}],"collection":[{"href":"https:\/\/familie-von-mirbach.de\/index.php?rest_route=\/wp\/v2\/pages"}],"about":[{"href":"https:\/\/familie-von-mirbach.de\/index.php?rest_route=\/wp\/v2\/types\/page"}],"author":[{"embeddable":true,"href":"https:\/\/familie-von-mirbach.de\/index.php?rest_route=\/wp\/v2\/users\/1"}],"replies":[{"embeddable":true,"href":"https:\/\/familie-von-mirbach.de\/index.php?rest_route=%2Fwp%2Fv2%2Fcomments&post=93"}],"version-history":[{"count":4,"href":"https:\/\/familie-von-mirbach.de\/index.php?rest_route=\/wp\/v2\/pages\/93\/revisions"}],"predecessor-version":[{"id":114,"href":"https:\/\/familie-von-mirbach.de\/index.php?rest_route=\/wp\/v2\/pages\/93\/revisions\/114"}],"wp:attachment":[{"href":"https:\/\/familie-von-mirbach.de\/index.php?rest_route=%2Fwp%2Fv2%2Fmedia&parent=93"}],"curies":[{"name":"wp","href":"https:\/\/api.w.org\/{rel}","templated":true}]}}